{"id":787,"date":"2024-03-05T09:05:22","date_gmt":"2024-03-05T08:05:22","guid":{"rendered":"http:\/\/141.94.251.246\/?page_id=787"},"modified":"2025-03-03T10:30:53","modified_gmt":"2025-03-03T09:30:53","slug":"metrologie","status":"publish","type":"page","link":"https:\/\/www.criballet.com\/index.php\/metrologie\/","title":{"rendered":"M\u00e9trologie"},"content":{"rendered":"\t\t<div data-elementor-type=\"wp-page\" data-elementor-id=\"787\" class=\"elementor elementor-787\" data-elementor-post-type=\"page\">\n\t\t\t\t<div class=\"elementor-element elementor-element-c036272 e-flex e-con-boxed e-con e-parent\" data-id=\"c036272\" data-element_type=\"container\">\n\t\t\t\t\t<div class=\"e-con-inner\">\n\t\t\t\t<div class=\"elementor-element elementor-element-75d57d2 elementor-widget elementor-widget-spacer\" data-id=\"75d57d2\" data-element_type=\"widget\" data-widget_type=\"spacer.default\">\n\t\t\t\t<div class=\"elementor-widget-container\">\n\t\t\t\t\t\t\t<div class=\"elementor-spacer\">\n\t\t\t<div class=\"elementor-spacer-inner\"><\/div>\n\t\t<\/div>\n\t\t\t\t\t\t<\/div>\n\t\t\t\t<\/div>\n\t\t\t\t\t<\/div>\n\t\t\t\t<\/div>\n\t\t<div class=\"elementor-element elementor-element-d9eb73e e-flex e-con-boxed e-con e-parent\" data-id=\"d9eb73e\" data-element_type=\"container\">\n\t\t\t\t\t<div class=\"e-con-inner\">\n\t\t<div class=\"elementor-element elementor-element-a911572 e-con-full e-flex e-con e-child\" data-id=\"a911572\" data-element_type=\"container\">\n\t\t\t\t<div class=\"elementor-element elementor-element-07f2b7c elementor-widget__width-initial elementor--h-position-center elementor--v-position-middle elementor-arrows-position-inside elementor-pagination-position-inside elementor-widget elementor-widget-slides\" data-id=\"07f2b7c\" data-element_type=\"widget\" data-settings=\"{&quot;navigation&quot;:&quot;both&quot;,&quot;autoplay&quot;:&quot;yes&quot;,&quot;pause_on_hover&quot;:&quot;yes&quot;,&quot;pause_on_interaction&quot;:&quot;yes&quot;,&quot;autoplay_speed&quot;:5000,&quot;infinite&quot;:&quot;yes&quot;,&quot;transition&quot;:&quot;slide&quot;,&quot;transition_speed&quot;:500}\" data-widget_type=\"slides.default\">\n\t\t\t\t<div class=\"elementor-widget-container\">\n\t\t\t\t\t\t\t\t\t<div class=\"elementor-swiper\">\n\t\t\t\t\t<div class=\"elementor-slides-wrapper elementor-main-swiper swiper\" role=\"region\" aria-roledescription=\"carousel\" aria-label=\"Diapositives\" dir=\"ltr\" data-animation=\"fadeInUp\">\n\t\t\t\t<div class=\"swiper-wrapper elementor-slides\">\n\t\t\t\t\t\t\t\t\t\t<div class=\"elementor-repeater-item-055388d swiper-slide\" role=\"group\" aria-roledescription=\"slide\"><div class=\"swiper-slide-bg\" role=\"img\" aria-label=\"Appareil de m\u00e9trologie\"><\/div><div class=\"swiper-slide-inner\" ><div class=\"swiper-slide-contents\"><\/div><\/div><\/div><div class=\"elementor-repeater-item-6f12a7d swiper-slide\" role=\"group\" aria-roledescription=\"slide\"><div class=\"swiper-slide-bg\" role=\"img\" aria-label=\"Appareil de m\u00e9trologie\"><\/div><div class=\"swiper-slide-inner\" ><div class=\"swiper-slide-contents\"><\/div><\/div><\/div>\t\t\t\t<\/div>\n\t\t\t\t\t\t\t\t\t\t\t\t\t\t\t<div class=\"elementor-swiper-button elementor-swiper-button-prev\" role=\"button\" tabindex=\"0\" aria-label=\"Diapositive pr\u00e9c\u00e9dente\">\n\t\t\t\t\t\t\t<svg aria-hidden=\"true\" class=\"e-font-icon-svg e-eicon-chevron-left\" viewBox=\"0 0 1000 1000\" xmlns=\"http:\/\/www.w3.org\/2000\/svg\"><path d=\"M646 125C629 125 613 133 604 142L308 442C296 454 292 471 292 487 292 504 296 521 308 533L604 854C617 867 629 875 646 875 663 875 679 871 692 858 704 846 713 829 713 812 713 796 708 779 692 767L438 487 692 225C700 217 708 204 708 187 708 171 704 154 692 142 675 129 663 125 646 125Z\"><\/path><\/svg>\t\t\t\t\t\t<\/div>\n\t\t\t\t\t\t<div class=\"elementor-swiper-button elementor-swiper-button-next\" role=\"button\" tabindex=\"0\" aria-label=\"Diapositive suivante\">\n\t\t\t\t\t\t\t<svg aria-hidden=\"true\" class=\"e-font-icon-svg e-eicon-chevron-right\" viewBox=\"0 0 1000 1000\" xmlns=\"http:\/\/www.w3.org\/2000\/svg\"><path d=\"M696 533C708 521 713 504 713 487 713 471 708 454 696 446L400 146C388 133 375 125 354 125 338 125 325 129 313 142 300 154 292 171 292 187 292 204 296 221 308 233L563 492 304 771C292 783 288 800 288 817 288 833 296 850 308 863 321 871 338 875 354 875 371 875 388 867 400 854L696 533Z\"><\/path><\/svg>\t\t\t\t\t\t<\/div>\n\t\t\t\t\t\t\t\t\t\t\t\t\t\t\t\t<div class=\"swiper-pagination\"><\/div>\n\t\t\t\t\t\t\t\t\t\t\t\t<\/div>\n\t\t\t\t<\/div>\n\t\t\t\t\t\t\t\t<\/div>\n\t\t\t\t<\/div>\n\t\t\t\t<\/div>\n\t\t<div class=\"elementor-element elementor-element-de43535 e-con-full e-flex e-con e-child\" data-id=\"de43535\" data-element_type=\"container\">\n\t\t\t\t<div class=\"elementor-element elementor-element-b9f600f elementor-invisible elementor-widget elementor-widget-heading\" data-id=\"b9f600f\" data-element_type=\"widget\" data-settings=\"{&quot;_animation&quot;:&quot;fadeIn&quot;}\" data-widget_type=\"heading.default\">\n\t\t\t\t<div class=\"elementor-widget-container\">\n\t\t\t\t\t<h2 class=\"elementor-heading-title elementor-size-default\">Des contr\u00f4les toujours plus pr\u00e9cis !<\/h2>\t\t\t\t<\/div>\n\t\t\t\t<\/div>\n\t\t\t\t<div class=\"elementor-element elementor-element-42548d7 elementor-widget-divider--view-line elementor-invisible elementor-widget elementor-widget-divider\" data-id=\"42548d7\" data-element_type=\"widget\" data-settings=\"{&quot;_animation&quot;:&quot;zoomIn&quot;}\" data-widget_type=\"divider.default\">\n\t\t\t\t<div class=\"elementor-widget-container\">\n\t\t\t\t\t\t\t<div class=\"elementor-divider\">\n\t\t\t<span class=\"elementor-divider-separator\">\n\t\t\t\t\t\t<\/span>\n\t\t<\/div>\n\t\t\t\t\t\t<\/div>\n\t\t\t\t<\/div>\n\t\t\t\t<div class=\"elementor-element elementor-element-0a72657 elementor-widget elementor-widget-text-editor\" data-id=\"0a72657\" data-element_type=\"widget\" data-widget_type=\"text-editor.default\">\n\t\t\t\t<div class=\"elementor-widget-container\">\n\t\t\t\t\t\t\t\t\t<p>La m\u00e9trologie utilise des technologies avanc\u00e9es afin de r\u00e9aliser des contr\u00f4les complexes et pr\u00e9cis, ce qui nous permet d\u2019assurer la conformit\u00e9 aux sp\u00e9cifications.<\/p>\n<p style=\"text-align: left;\">Nous avons \u00e0 notre disposition un \u00e9ventail de machines plac\u00e9es dans un environnement entre 20\u00b0C et 22\u00b0C, permettant des conditions de contr\u00f4les id\u00e9ales.<\/p>\n<p style=\"text-align: left;\"><br><\/p>\n<ul>\n<li>\n<p><strong>Machine tridimensionnelle :<\/strong>&nbsp;elle permet de mesurer avec une grande pr\u00e9cision les dimensions et la g\u00e9om\u00e9trie tridimensionnelle des pi\u00e8ces. Pour effectuer ses mesures, elle utilise des capteurs optiques et des lasers.<\/p>\n<\/li>\n<li>\n<p><strong>Bras de mesure :<\/strong>&nbsp;ce dispositif, \u00e9quip\u00e9 de capteurs, permet de prendre des mesures sur une pi\u00e8ce en d\u00e9pla\u00e7ant le bras autour de celle-ci.<\/p>\n<\/li>\n<li>\n<p><strong>Projecteur de profil digital :<\/strong>&nbsp;il projette une image agrandie d\u2019une pi\u00e8ce, permettant ainsi aux op\u00e9rateurs de comparer la pi\u00e8ce r\u00e9elle avec ses sp\u00e9cifications num\u00e9riques.<\/p>\n<\/li>\n<li>\n<p><strong>Profilom\u00e8tre :<\/strong>&nbsp;cet instrument mesure la rugosit\u00e9 de surface d\u2019une pi\u00e8ce, c\u2019est un \u00e9l\u00e9ment crucial dans notre domaine d\u2019activit\u00e9, o\u00f9 la texture de la surface a un impact sur la performance ou la durabilit\u00e9 de la pi\u00e8ce.<\/p>\n<\/li>\n<\/ul>\n<p>Gr\u00e2ce \u00e0 nos instruments, nous contr\u00f4lons les moindres d\u00e9tails des pi\u00e8ces !<\/p>\t\t\t\t\t\t\t\t<\/div>\n\t\t\t\t<\/div>\n\t\t\t\t<\/div>\n\t\t\t\t\t<\/div>\n\t\t\t\t<\/div>\n\t\t<div class=\"elementor-element elementor-element-8b4cb43 e-flex e-con-boxed e-con e-parent\" data-id=\"8b4cb43\" data-element_type=\"container\">\n\t\t\t\t\t<div class=\"e-con-inner\">\n\t\t\t\t<div class=\"elementor-element elementor-element-7647108 elementor-widget elementor-widget-spacer\" data-id=\"7647108\" data-element_type=\"widget\" data-widget_type=\"spacer.default\">\n\t\t\t\t<div class=\"elementor-widget-container\">\n\t\t\t\t\t\t\t<div class=\"elementor-spacer\">\n\t\t\t<div class=\"elementor-spacer-inner\"><\/div>\n\t\t<\/div>\n\t\t\t\t\t\t<\/div>\n\t\t\t\t<\/div>\n\t\t\t\t\t<\/div>\n\t\t\t\t<\/div>\n\t\t<div class=\"elementor-element elementor-element-b372263 e-flex e-con-boxed e-con e-parent\" data-id=\"b372263\" data-element_type=\"container\">\n\t\t\t\t\t<div class=\"e-con-inner\">\n\t\t\t\t<div class=\"elementor-element elementor-element-3fd6458 elementor-widget-divider--view-line elementor-widget elementor-widget-divider\" data-id=\"3fd6458\" data-element_type=\"widget\" data-widget_type=\"divider.default\">\n\t\t\t\t<div class=\"elementor-widget-container\">\n\t\t\t\t\t\t\t<div class=\"elementor-divider\">\n\t\t\t<span class=\"elementor-divider-separator\">\n\t\t\t\t\t\t<\/span>\n\t\t<\/div>\n\t\t\t\t\t\t<\/div>\n\t\t\t\t<\/div>\n\t\t\t\t\t<\/div>\n\t\t\t\t<\/div>\n\t\t\t\t<\/div>\n\t\t","protected":false},"excerpt":{"rendered":"<p>Des contr\u00f4les toujours plus pr\u00e9cis ! La m\u00e9trologie utilise des technologies avanc\u00e9es afin de r\u00e9aliser des contr\u00f4les complexes et pr\u00e9cis, ce qui nous permet d\u2019assurer la conformit\u00e9 aux sp\u00e9cifications. Nous avons \u00e0 notre disposition un \u00e9ventail de machines plac\u00e9es dans un environnement entre 20\u00b0C et 22\u00b0C, permettant des conditions de contr\u00f4les id\u00e9ales. Machine tridimensionnelle :&nbsp;elle [&hellip;]<\/p>\n","protected":false},"author":2,"featured_media":0,"parent":0,"menu_order":2,"comment_status":"closed","ping_status":"closed","template":"elementor_header_footer","meta":{"footnotes":""},"class_list":["post-787","page","type-page","status-publish","hentry"],"yoast_head":"<!-- This site is optimized with the Yoast SEO plugin v25.9 - https:\/\/yoast.com\/wordpress\/plugins\/seo\/ -->\n<title>M\u00e9trologie - Criballet<\/title>\n<meta name=\"description\" content=\"Nous utilisons des technologies avanc\u00e9es afin de r\u00e9aliser des contr\u00f4les complexes et pr\u00e9cis, ce qui nous permet d&#039;assurer la conformit\u00e9.\" \/>\n<meta name=\"robots\" content=\"index, follow, max-snippet:-1, max-image-preview:large, max-video-preview:-1\" \/>\n<link rel=\"canonical\" href=\"https:\/\/www.criballet.com\/index.php\/metrologie\/\" \/>\n<meta property=\"og:locale\" content=\"fr_FR\" \/>\n<meta property=\"og:type\" content=\"article\" \/>\n<meta property=\"og:title\" content=\"M\u00e9trologie - Criballet\" \/>\n<meta property=\"og:description\" content=\"Nous utilisons des technologies avanc\u00e9es afin de r\u00e9aliser des contr\u00f4les complexes et pr\u00e9cis, ce qui nous permet d&#039;assurer la conformit\u00e9.\" \/>\n<meta property=\"og:url\" content=\"https:\/\/www.criballet.com\/index.php\/metrologie\/\" \/>\n<meta property=\"og:site_name\" content=\"Criballet\" \/>\n<meta property=\"article:modified_time\" content=\"2025-03-03T09:30:53+00:00\" \/>\n<meta name=\"twitter:card\" content=\"summary_large_image\" \/>\n<meta name=\"twitter:label1\" content=\"Dur\u00e9e de lecture estim\u00e9e\" \/>\n\t<meta name=\"twitter:data1\" content=\"1 minute\" \/>\n<script type=\"application\/ld+json\" class=\"yoast-schema-graph\">{\"@context\":\"https:\/\/schema.org\",\"@graph\":[{\"@type\":\"WebPage\",\"@id\":\"https:\/\/www.criballet.com\/index.php\/metrologie\/\",\"url\":\"https:\/\/www.criballet.com\/index.php\/metrologie\/\",\"name\":\"M\u00e9trologie - Criballet\",\"isPartOf\":{\"@id\":\"https:\/\/www.criballet.com\/#website\"},\"datePublished\":\"2024-03-05T08:05:22+00:00\",\"dateModified\":\"2025-03-03T09:30:53+00:00\",\"description\":\"Nous utilisons des technologies avanc\u00e9es afin de r\u00e9aliser des contr\u00f4les complexes et pr\u00e9cis, ce qui nous permet d'assurer la conformit\u00e9.\",\"breadcrumb\":{\"@id\":\"https:\/\/www.criballet.com\/index.php\/metrologie\/#breadcrumb\"},\"inLanguage\":\"fr-FR\",\"potentialAction\":[{\"@type\":\"ReadAction\",\"target\":[\"https:\/\/www.criballet.com\/index.php\/metrologie\/\"]}]},{\"@type\":\"BreadcrumbList\",\"@id\":\"https:\/\/www.criballet.com\/index.php\/metrologie\/#breadcrumb\",\"itemListElement\":[{\"@type\":\"ListItem\",\"position\":1,\"name\":\"Accueil\",\"item\":\"https:\/\/www.criballet.com\/\"},{\"@type\":\"ListItem\",\"position\":2,\"name\":\"M\u00e9trologie\"}]},{\"@type\":\"WebSite\",\"@id\":\"https:\/\/www.criballet.com\/#website\",\"url\":\"https:\/\/www.criballet.com\/\",\"name\":\"Criballet\",\"description\":\"\",\"publisher\":{\"@id\":\"https:\/\/www.criballet.com\/#organization\"},\"potentialAction\":[{\"@type\":\"SearchAction\",\"target\":{\"@type\":\"EntryPoint\",\"urlTemplate\":\"https:\/\/www.criballet.com\/?s={search_term_string}\"},\"query-input\":{\"@type\":\"PropertyValueSpecification\",\"valueRequired\":true,\"valueName\":\"search_term_string\"}}],\"inLanguage\":\"fr-FR\"},{\"@type\":\"Organization\",\"@id\":\"https:\/\/www.criballet.com\/#organization\",\"name\":\"Criballet\",\"url\":\"https:\/\/www.criballet.com\/\",\"logo\":{\"@type\":\"ImageObject\",\"inLanguage\":\"fr-FR\",\"@id\":\"https:\/\/www.criballet.com\/#\/schema\/logo\/image\/\",\"url\":\"https:\/\/www.criballet.com\/wp-content\/uploads\/2024\/03\/Logo-Criballet-jpg.jpg\",\"contentUrl\":\"https:\/\/www.criballet.com\/wp-content\/uploads\/2024\/03\/Logo-Criballet-jpg.jpg\",\"width\":2205,\"height\":855,\"caption\":\"Criballet\"},\"image\":{\"@id\":\"https:\/\/www.criballet.com\/#\/schema\/logo\/image\/\"},\"sameAs\":[\"https:\/\/www.linkedin.com\/company\/criballet\/\"]}]}<\/script>\n<!-- \/ Yoast SEO plugin. -->","yoast_head_json":{"title":"M\u00e9trologie - Criballet","description":"Nous utilisons des technologies avanc\u00e9es afin de r\u00e9aliser des contr\u00f4les complexes et pr\u00e9cis, ce qui nous permet d'assurer la conformit\u00e9.","robots":{"index":"index","follow":"follow","max-snippet":"max-snippet:-1","max-image-preview":"max-image-preview:large","max-video-preview":"max-video-preview:-1"},"canonical":"https:\/\/www.criballet.com\/index.php\/metrologie\/","og_locale":"fr_FR","og_type":"article","og_title":"M\u00e9trologie - Criballet","og_description":"Nous utilisons des technologies avanc\u00e9es afin de r\u00e9aliser des contr\u00f4les complexes et pr\u00e9cis, ce qui nous permet d'assurer la conformit\u00e9.","og_url":"https:\/\/www.criballet.com\/index.php\/metrologie\/","og_site_name":"Criballet","article_modified_time":"2025-03-03T09:30:53+00:00","twitter_card":"summary_large_image","twitter_misc":{"Dur\u00e9e de lecture estim\u00e9e":"1 minute"},"schema":{"@context":"https:\/\/schema.org","@graph":[{"@type":"WebPage","@id":"https:\/\/www.criballet.com\/index.php\/metrologie\/","url":"https:\/\/www.criballet.com\/index.php\/metrologie\/","name":"M\u00e9trologie - Criballet","isPartOf":{"@id":"https:\/\/www.criballet.com\/#website"},"datePublished":"2024-03-05T08:05:22+00:00","dateModified":"2025-03-03T09:30:53+00:00","description":"Nous utilisons des technologies avanc\u00e9es afin de r\u00e9aliser des contr\u00f4les complexes et pr\u00e9cis, ce qui nous permet d'assurer la conformit\u00e9.","breadcrumb":{"@id":"https:\/\/www.criballet.com\/index.php\/metrologie\/#breadcrumb"},"inLanguage":"fr-FR","potentialAction":[{"@type":"ReadAction","target":["https:\/\/www.criballet.com\/index.php\/metrologie\/"]}]},{"@type":"BreadcrumbList","@id":"https:\/\/www.criballet.com\/index.php\/metrologie\/#breadcrumb","itemListElement":[{"@type":"ListItem","position":1,"name":"Accueil","item":"https:\/\/www.criballet.com\/"},{"@type":"ListItem","position":2,"name":"M\u00e9trologie"}]},{"@type":"WebSite","@id":"https:\/\/www.criballet.com\/#website","url":"https:\/\/www.criballet.com\/","name":"Criballet","description":"","publisher":{"@id":"https:\/\/www.criballet.com\/#organization"},"potentialAction":[{"@type":"SearchAction","target":{"@type":"EntryPoint","urlTemplate":"https:\/\/www.criballet.com\/?s={search_term_string}"},"query-input":{"@type":"PropertyValueSpecification","valueRequired":true,"valueName":"search_term_string"}}],"inLanguage":"fr-FR"},{"@type":"Organization","@id":"https:\/\/www.criballet.com\/#organization","name":"Criballet","url":"https:\/\/www.criballet.com\/","logo":{"@type":"ImageObject","inLanguage":"fr-FR","@id":"https:\/\/www.criballet.com\/#\/schema\/logo\/image\/","url":"https:\/\/www.criballet.com\/wp-content\/uploads\/2024\/03\/Logo-Criballet-jpg.jpg","contentUrl":"https:\/\/www.criballet.com\/wp-content\/uploads\/2024\/03\/Logo-Criballet-jpg.jpg","width":2205,"height":855,"caption":"Criballet"},"image":{"@id":"https:\/\/www.criballet.com\/#\/schema\/logo\/image\/"},"sameAs":["https:\/\/www.linkedin.com\/company\/criballet\/"]}]}},"_links":{"self":[{"href":"https:\/\/www.criballet.com\/index.php\/wp-json\/wp\/v2\/pages\/787","targetHints":{"allow":["GET"]}}],"collection":[{"href":"https:\/\/www.criballet.com\/index.php\/wp-json\/wp\/v2\/pages"}],"about":[{"href":"https:\/\/www.criballet.com\/index.php\/wp-json\/wp\/v2\/types\/page"}],"author":[{"embeddable":true,"href":"https:\/\/www.criballet.com\/index.php\/wp-json\/wp\/v2\/users\/2"}],"replies":[{"embeddable":true,"href":"https:\/\/www.criballet.com\/index.php\/wp-json\/wp\/v2\/comments?post=787"}],"version-history":[{"count":128,"href":"https:\/\/www.criballet.com\/index.php\/wp-json\/wp\/v2\/pages\/787\/revisions"}],"predecessor-version":[{"id":3505,"href":"https:\/\/www.criballet.com\/index.php\/wp-json\/wp\/v2\/pages\/787\/revisions\/3505"}],"wp:attachment":[{"href":"https:\/\/www.criballet.com\/index.php\/wp-json\/wp\/v2\/media?parent=787"}],"curies":[{"name":"wp","href":"https:\/\/api.w.org\/{rel}","templated":true}]}}