{"id":726,"date":"2024-03-01T15:40:46","date_gmt":"2024-03-01T14:40:46","guid":{"rendered":"http:\/\/141.94.251.246\/?page_id=726"},"modified":"2025-03-03T10:20:28","modified_gmt":"2025-03-03T09:20:28","slug":"usinage","status":"publish","type":"page","link":"https:\/\/www.criballet.com\/index.php\/usinage\/","title":{"rendered":"Usinage"},"content":{"rendered":"\t\t<div data-elementor-type=\"wp-page\" data-elementor-id=\"726\" class=\"elementor elementor-726\" data-elementor-post-type=\"page\">\n\t\t\t\t<div class=\"elementor-element elementor-element-c4b7b27 e-flex e-con-boxed e-con e-parent\" data-id=\"c4b7b27\" data-element_type=\"container\">\n\t\t\t\t\t<div class=\"e-con-inner\">\n\t\t\t\t<div class=\"elementor-element elementor-element-8bd5b15 elementor-widget elementor-widget-spacer\" data-id=\"8bd5b15\" data-element_type=\"widget\" data-widget_type=\"spacer.default\">\n\t\t\t\t<div class=\"elementor-widget-container\">\n\t\t\t\t\t\t\t<div class=\"elementor-spacer\">\n\t\t\t<div class=\"elementor-spacer-inner\"><\/div>\n\t\t<\/div>\n\t\t\t\t\t\t<\/div>\n\t\t\t\t<\/div>\n\t\t\t\t\t<\/div>\n\t\t\t\t<\/div>\n\t\t<div class=\"elementor-element elementor-element-de52317 e-flex e-con-boxed e-con e-parent\" data-id=\"de52317\" data-element_type=\"container\">\n\t\t\t\t\t<div class=\"e-con-inner\">\n\t\t<div class=\"elementor-element elementor-element-881d289 e-con-full e-flex e-con e-child\" data-id=\"881d289\" data-element_type=\"container\">\n\t\t\t\t<div class=\"elementor-element elementor-element-2f29b8f animated-slow elementor-skin-carousel elementor-arrows-yes elementor-pagination-type-bullets elementor-pagination-position-outside elementor-invisible elementor-widget elementor-widget-media-carousel\" data-id=\"2f29b8f\" data-element_type=\"widget\" data-settings=\"{&quot;slides_per_view&quot;:&quot;1&quot;,&quot;autoplay_speed&quot;:3000,&quot;space_between&quot;:{&quot;unit&quot;:&quot;px&quot;,&quot;size&quot;:5,&quot;sizes&quot;:[]},&quot;_animation&quot;:&quot;fadeIn&quot;,&quot;skin&quot;:&quot;carousel&quot;,&quot;effect&quot;:&quot;slide&quot;,&quot;show_arrows&quot;:&quot;yes&quot;,&quot;pagination&quot;:&quot;bullets&quot;,&quot;speed&quot;:500,&quot;autoplay&quot;:&quot;yes&quot;,&quot;loop&quot;:&quot;yes&quot;,&quot;pause_on_hover&quot;:&quot;yes&quot;,&quot;pause_on_interaction&quot;:&quot;yes&quot;,&quot;space_between_tablet&quot;:{&quot;unit&quot;:&quot;px&quot;,&quot;size&quot;:10,&quot;sizes&quot;:[]},&quot;space_between_mobile&quot;:{&quot;unit&quot;:&quot;px&quot;,&quot;size&quot;:10,&quot;sizes&quot;:[]}}\" data-widget_type=\"media-carousel.default\">\n\t\t\t\t<div class=\"elementor-widget-container\">\n\t\t\t\t\t\t\t\t\t<div class=\"elementor-swiper\">\n\t\t\t\t\t<div class=\"elementor-main-swiper swiper\" role=\"region\" aria-roledescription=\"carousel\" aria-label=\"Diapositives\">\n\t\t\t\t<div class=\"swiper-wrapper\">\n\t\t\t\t\t\t\t\t\t\t\t<div class=\"swiper-slide\" role=\"group\" aria-roledescription=\"slide\">\n\t\t\t\t\t\t\t\t\t<div class=\"elementor-carousel-image\" role=\"img\" aria-label=\"Pi\u00e8ces ce faisant usiner\" style=\"background-image: url(&#039;https:\/\/www.criballet.com\/wp-content\/uploads\/2024\/07\/C5896.00_21_24_09.Still019-scaled.jpg&#039;)\">\n\n\t\t\t\n\t\t\t\t\t<\/div>\n\t\t\t\t\t\t\t\t<\/div>\n\t\t\t\t\t\t\t\t\t\t\t<div class=\"swiper-slide\" role=\"group\" aria-roledescription=\"slide\">\n\t\t\t\t\t\t\t\t\t<div class=\"elementor-carousel-image\" role=\"img\" aria-label=\"Pi\u00e8ce se faisant usiner\" style=\"background-image: url(&#039;https:\/\/www.criballet.com\/wp-content\/uploads\/2024\/07\/C5896.00_06_11_41.Still004-scaled.jpg&#039;)\">\n\n\t\t\t\n\t\t\t\t\t<\/div>\n\t\t\t\t\t\t\t\t<\/div>\n\t\t\t\t\t\t\t\t\t<\/div>\n\t\t\t\t\t\t\t\t\t\t\t\t\t\t\t<div class=\"elementor-swiper-button elementor-swiper-button-prev\" role=\"button\" tabindex=\"0\" aria-label=\"Pr\u00e9c\u00e9dent\">\n\t\t\t\t\t\t\t<svg aria-hidden=\"true\" class=\"e-font-icon-svg e-eicon-chevron-left\" viewBox=\"0 0 1000 1000\" xmlns=\"http:\/\/www.w3.org\/2000\/svg\"><path d=\"M646 125C629 125 613 133 604 142L308 442C296 454 292 471 292 487 292 504 296 521 308 533L604 854C617 867 629 875 646 875 663 875 679 871 692 858 704 846 713 829 713 812 713 796 708 779 692 767L438 487 692 225C700 217 708 204 708 187 708 171 704 154 692 142 675 129 663 125 646 125Z\"><\/path><\/svg>\t\t\t\t\t\t<\/div>\n\t\t\t\t\t\t<div class=\"elementor-swiper-button elementor-swiper-button-next\" role=\"button\" tabindex=\"0\" aria-label=\"Suivant\">\n\t\t\t\t\t\t\t<svg aria-hidden=\"true\" class=\"e-font-icon-svg e-eicon-chevron-right\" viewBox=\"0 0 1000 1000\" xmlns=\"http:\/\/www.w3.org\/2000\/svg\"><path d=\"M696 533C708 521 713 504 713 487 713 471 708 454 696 446L400 146C388 133 375 125 354 125 338 125 325 129 313 142 300 154 292 171 292 187 292 204 296 221 308 233L563 492 304 771C292 783 288 800 288 817 288 833 296 850 308 863 321 871 338 875 354 875 371 875 388 867 400 854L696 533Z\"><\/path><\/svg>\t\t\t\t\t\t<\/div>\n\t\t\t\t\t\t\t\t\t\t\t\t\t\t\t\t<div class=\"swiper-pagination\"><\/div>\n\t\t\t\t\t\t\t\t\t\t\t\t<\/div>\n\t\t\t\t<\/div>\n\t\t\t\t\t\t\t\t<\/div>\n\t\t\t\t<\/div>\n\t\t\t\t<\/div>\n\t\t\t\t<div class=\"elementor-element elementor-element-f04f28b elementor-widget__width-initial elementor-widget elementor-widget-spacer\" data-id=\"f04f28b\" data-element_type=\"widget\" data-widget_type=\"spacer.default\">\n\t\t\t\t<div class=\"elementor-widget-container\">\n\t\t\t\t\t\t\t<div class=\"elementor-spacer\">\n\t\t\t<div class=\"elementor-spacer-inner\"><\/div>\n\t\t<\/div>\n\t\t\t\t\t\t<\/div>\n\t\t\t\t<\/div>\n\t\t<div class=\"elementor-element elementor-element-4e7a2c3 e-con-full e-flex e-con e-child\" data-id=\"4e7a2c3\" data-element_type=\"container\">\n\t\t\t\t<div class=\"elementor-element elementor-element-b60eafd elementor-invisible elementor-widget elementor-widget-heading\" data-id=\"b60eafd\" data-element_type=\"widget\" data-settings=\"{&quot;_animation&quot;:&quot;fadeIn&quot;}\" data-widget_type=\"heading.default\">\n\t\t\t\t<div class=\"elementor-widget-container\">\n\t\t\t\t\t<h2 class=\"elementor-heading-title elementor-size-default\">Le tournage et le fraisage sont les piliers de notre expertise !\n\n<\/h2>\t\t\t\t<\/div>\n\t\t\t\t<\/div>\n\t\t\t\t<div class=\"elementor-element elementor-element-d41a1f8 elementor-widget-divider--view-line elementor-invisible elementor-widget elementor-widget-divider\" data-id=\"d41a1f8\" data-element_type=\"widget\" data-settings=\"{&quot;_animation&quot;:&quot;zoomIn&quot;}\" data-widget_type=\"divider.default\">\n\t\t\t\t<div class=\"elementor-widget-container\">\n\t\t\t\t\t\t\t<div class=\"elementor-divider\">\n\t\t\t<span class=\"elementor-divider-separator\">\n\t\t\t\t\t\t<\/span>\n\t\t<\/div>\n\t\t\t\t\t\t<\/div>\n\t\t\t\t<\/div>\n\t\t\t\t<div class=\"elementor-element elementor-element-8dbbff2 elementor-widget elementor-widget-text-editor\" data-id=\"8dbbff2\" data-element_type=\"widget\" data-widget_type=\"text-editor.default\">\n\t\t\t\t<div class=\"elementor-widget-container\">\n\t\t\t\t\t\t\t\t\t<p><strong>En tournage :<\/strong>\u00a0nous poss\u00e9dons des machines de tournage vertical et horizontal pour les pi\u00e8ces de petites et grandes tailles . Nous avons une \u00e9quipe de 7 personnes exp\u00e9riment\u00e9es.<\/p><ul><li><u>Tournage vertical :<\/u> diam\u00e8tre entre\u00a0 <strong>\u2300<\/strong><strong>1600 et <\/strong><strong>\u2300<\/strong><strong>2000, <\/strong>pour une hauteur maximale de<strong> 1650.<\/strong><\/li><li><u>Tournage horizontal :<\/u> diam\u00e8tre entre\u00a0<strong>\u2300<\/strong><strong>400 et <\/strong><strong>\u2300<\/strong><strong>625, <\/strong>pour une longueur maximale de <strong>3100.<\/strong><\/li><\/ul><p><strong>\u00a0<\/strong><\/p><p>\u00a0<\/p><p><strong>En fraisage : <\/strong>nous avons \u00e0 notre disposition des machines 3 axes et 5 axes, nous permettant d&rsquo;accueillir des pi\u00e8ces de tailles moyennes et grandes. Une \u00e9quipe de cinq fraiseurs en prend soin.<\/p><ul><li>Capacit\u00e9\u00a0 de dimensions des pi\u00e8ces : une dimension maximale de<strong>\u00a0\u00a04000 x1020 x1100<\/strong> pour un diam\u00e8tre de\u00a0<strong>\u00a0<\/strong><strong>\u2300<\/strong><strong>1600.<\/strong><\/li><\/ul><p>\u00a0<\/p><p>\u00a0<\/p><p><strong>En unit\u00e9 conventionnelle <\/strong>: nous sommes\u00a0fiers de maintenir parmi nous une section conventionnelle qui est men\u00e9e par un fraiseur fort de plus de 20 ans d\u2019exp\u00e9rience. Il met son savoir-faire pr\u00e9cieux \u00e0 votre service, notamment pour vos d\u00e9pannages et besoins \u00ab\u00a0hot shot\u00a0\u00bb.<\/p><p>\u00a0<\/p>\t\t\t\t\t\t\t\t<\/div>\n\t\t\t\t<\/div>\n\t\t\t\t<div class=\"elementor-element elementor-element-c023647 elementor-widget elementor-widget-button\" data-id=\"c023647\" data-element_type=\"widget\" data-widget_type=\"button.default\">\n\t\t\t\t<div class=\"elementor-widget-container\">\n\t\t\t\t\t\t\t\t\t<div class=\"elementor-button-wrapper\">\n\t\t\t\t\t<a class=\"elementor-button elementor-button-link elementor-size-sm\" href=\"http:\/\/fkftlkr.cluster029.hosting.ovh.net\/index.php\/equipement-criballet\/\">\n\t\t\t\t\t\t<span class=\"elementor-button-content-wrapper\">\n\t\t\t\t\t\t<span class=\"elementor-button-icon\">\n\t\t\t\t<svg aria-hidden=\"true\" class=\"e-font-icon-svg e-fas-chevron-right\" viewBox=\"0 0 320 512\" xmlns=\"http:\/\/www.w3.org\/2000\/svg\"><path d=\"M285.476 272.971L91.132 467.314c-9.373 9.373-24.569 9.373-33.941 0l-22.667-22.667c-9.357-9.357-9.375-24.522-.04-33.901L188.505 256 34.484 101.255c-9.335-9.379-9.317-24.544.04-33.901l22.667-22.667c9.373-9.373 24.569-9.373 33.941 0L285.475 239.03c9.373 9.372 9.373 24.568.001 33.941z\"><\/path><\/svg>\t\t\t<\/span>\n\t\t\t\t\t\t\t\t\t<span class=\"elementor-button-text\">Voir nos \u00e9quipements<\/span>\n\t\t\t\t\t<\/span>\n\t\t\t\t\t<\/a>\n\t\t\t\t<\/div>\n\t\t\t\t\t\t\t\t<\/div>\n\t\t\t\t<\/div>\n\t\t\t\t<\/div>\n\t\t\t\t\t<\/div>\n\t\t\t\t<\/div>\n\t\t<div class=\"elementor-element elementor-element-0e1ae3e e-flex e-con-boxed e-con e-parent\" data-id=\"0e1ae3e\" data-element_type=\"container\">\n\t\t\t\t\t<div class=\"e-con-inner\">\n\t\t\t\t<div class=\"elementor-element elementor-element-b4a565d elementor-widget elementor-widget-spacer\" data-id=\"b4a565d\" data-element_type=\"widget\" data-widget_type=\"spacer.default\">\n\t\t\t\t<div class=\"elementor-widget-container\">\n\t\t\t\t\t\t\t<div class=\"elementor-spacer\">\n\t\t\t<div class=\"elementor-spacer-inner\"><\/div>\n\t\t<\/div>\n\t\t\t\t\t\t<\/div>\n\t\t\t\t<\/div>\n\t\t\t\t\t<\/div>\n\t\t\t\t<\/div>\n\t\t<div class=\"elementor-element elementor-element-72a7110 e-flex e-con-boxed e-con e-parent\" data-id=\"72a7110\" data-element_type=\"container\">\n\t\t\t\t\t<div class=\"e-con-inner\">\n\t\t\t\t<div class=\"elementor-element elementor-element-4ceccf5 elementor-widget elementor-widget-heading\" data-id=\"4ceccf5\" data-element_type=\"widget\" data-widget_type=\"heading.default\">\n\t\t\t\t<div class=\"elementor-widget-container\">\n\t\t\t\t\t<h3 class=\"elementor-heading-title elementor-size-default\">Un petit aper\u00e7u de nos r\u00e9alisations<\/h3>\t\t\t\t<\/div>\n\t\t\t\t<\/div>\n\t\t\t\t\t<\/div>\n\t\t\t\t<\/div>\n\t\t<div class=\"elementor-element elementor-element-118c75b e-flex e-con-boxed e-con e-parent\" data-id=\"118c75b\" data-element_type=\"container\">\n\t\t\t\t\t<div class=\"e-con-inner\">\n\t\t\t\t<div class=\"elementor-element elementor-element-ddc3590 elementor-widget elementor-widget-spacer\" data-id=\"ddc3590\" data-element_type=\"widget\" data-widget_type=\"spacer.default\">\n\t\t\t\t<div class=\"elementor-widget-container\">\n\t\t\t\t\t\t\t<div class=\"elementor-spacer\">\n\t\t\t<div class=\"elementor-spacer-inner\"><\/div>\n\t\t<\/div>\n\t\t\t\t\t\t<\/div>\n\t\t\t\t<\/div>\n\t\t\t\t\t<\/div>\n\t\t\t\t<\/div>\n\t\t<div class=\"elementor-element elementor-element-baedb26 e-flex e-con-boxed e-con e-parent\" data-id=\"baedb26\" data-element_type=\"container\">\n\t\t\t\t\t<div class=\"e-con-inner\">\n\t\t\t\t<div class=\"elementor-element elementor-element-829404d elementor-widget__width-initial elementor-skin-carousel elementor-arrows-yes elementor-pagination-type-bullets elementor-pagination-position-outside elementor-widget elementor-widget-media-carousel\" data-id=\"829404d\" data-element_type=\"widget\" data-settings=\"{&quot;slides_per_view&quot;:&quot;4&quot;,&quot;autoplay_speed&quot;:2000,&quot;space_between&quot;:{&quot;unit&quot;:&quot;px&quot;,&quot;size&quot;:9,&quot;sizes&quot;:[]},&quot;skin&quot;:&quot;carousel&quot;,&quot;effect&quot;:&quot;slide&quot;,&quot;show_arrows&quot;:&quot;yes&quot;,&quot;pagination&quot;:&quot;bullets&quot;,&quot;speed&quot;:500,&quot;autoplay&quot;:&quot;yes&quot;,&quot;loop&quot;:&quot;yes&quot;,&quot;pause_on_hover&quot;:&quot;yes&quot;,&quot;pause_on_interaction&quot;:&quot;yes&quot;,&quot;space_between_tablet&quot;:{&quot;unit&quot;:&quot;px&quot;,&quot;size&quot;:10,&quot;sizes&quot;:[]},&quot;space_between_mobile&quot;:{&quot;unit&quot;:&quot;px&quot;,&quot;size&quot;:10,&quot;sizes&quot;:[]}}\" data-widget_type=\"media-carousel.default\">\n\t\t\t\t<div class=\"elementor-widget-container\">\n\t\t\t\t\t\t\t\t\t<div class=\"elementor-swiper\">\n\t\t\t\t\t<div class=\"elementor-main-swiper swiper\" role=\"region\" aria-roledescription=\"carousel\" aria-label=\"Diapositives\">\n\t\t\t\t<div class=\"swiper-wrapper\">\n\t\t\t\t\t\t\t\t\t\t\t<div class=\"swiper-slide\" role=\"group\" aria-roledescription=\"slide\">\n\t\t\t\t\t\t\t\t\t<div class=\"elementor-carousel-image\" role=\"img\" aria-label=\"Pi\u00e8ce usin\u00e9e\" style=\"background-image: url(&#039;https:\/\/www.criballet.com\/wp-content\/uploads\/2024\/08\/20180323_082125-copie-scaled.jpg&#039;)\">\n\n\t\t\t\n\t\t\t\t\t<\/div>\n\t\t\t\t\t\t\t\t<\/div>\n\t\t\t\t\t\t\t\t\t\t\t<div class=\"swiper-slide\" role=\"group\" aria-roledescription=\"slide\">\n\t\t\t\t\t\t\t\t\t<div class=\"elementor-carousel-image\" role=\"img\" aria-label=\"Pi\u00e8ce usin\u00e9e\" style=\"background-image: url(&#039;https:\/\/www.criballet.com\/wp-content\/uploads\/2024\/08\/IMG_3291-copie-scaled.jpg&#039;)\">\n\n\t\t\t\n\t\t\t\t\t<\/div>\n\t\t\t\t\t\t\t\t<\/div>\n\t\t\t\t\t\t\t\t\t\t\t<div class=\"swiper-slide\" role=\"group\" aria-roledescription=\"slide\">\n\t\t\t\t\t\t\t\t\t<div class=\"elementor-carousel-image\" role=\"img\" aria-label=\"Pi\u00e8ce usin\u00e9e\" style=\"background-image: url(&#039;https:\/\/www.criballet.com\/wp-content\/uploads\/2024\/08\/IMG_3287-copie.jpg&#039;)\">\n\n\t\t\t\n\t\t\t\t\t<\/div>\n\t\t\t\t\t\t\t\t<\/div>\n\t\t\t\t\t\t\t\t\t\t\t<div class=\"swiper-slide\" role=\"group\" aria-roledescription=\"slide\">\n\t\t\t\t\t\t\t\t\t<div class=\"elementor-carousel-image\" role=\"img\" aria-label=\"Pi\u00e8ce usin\u00e9e\" style=\"background-image: url(&#039;https:\/\/www.criballet.com\/wp-content\/uploads\/2024\/08\/IMG_3315-copie-scaled.jpg&#039;)\">\n\n\t\t\t\n\t\t\t\t\t<\/div>\n\t\t\t\t\t\t\t\t<\/div>\n\t\t\t\t\t\t\t\t\t\t\t<div class=\"swiper-slide\" role=\"group\" aria-roledescription=\"slide\">\n\t\t\t\t\t\t\t\t\t<div class=\"elementor-carousel-image\" role=\"img\" aria-label=\"Pi\u00e8ce usin\u00e9e\" style=\"background-image: url(&#039;https:\/\/www.criballet.com\/wp-content\/uploads\/2024\/08\/IMG_3286-copie-scaled.jpg&#039;)\">\n\n\t\t\t\n\t\t\t\t\t<\/div>\n\t\t\t\t\t\t\t\t<\/div>\n\t\t\t\t\t\t\t\t\t\t\t<div class=\"swiper-slide\" role=\"group\" aria-roledescription=\"slide\">\n\t\t\t\t\t\t\t\t\t<div class=\"elementor-carousel-image\" role=\"img\" aria-label=\"Pi\u00e8ce usin\u00e9e\" style=\"background-image: url(&#039;https:\/\/www.criballet.com\/wp-content\/uploads\/2024\/08\/IMG_3300-copie.jpg&#039;)\">\n\n\t\t\t\n\t\t\t\t\t<\/div>\n\t\t\t\t\t\t\t\t<\/div>\n\t\t\t\t\t\t\t\t\t\t\t<div class=\"swiper-slide\" role=\"group\" aria-roledescription=\"slide\">\n\t\t\t\t\t\t\t\t\t<div class=\"elementor-carousel-image\" role=\"img\" aria-label=\"Pi\u00e8ce usin\u00e9e\" style=\"background-image: url(&#039;https:\/\/www.criballet.com\/wp-content\/uploads\/2024\/08\/20210617_182006-copie-scaled.jpg&#039;)\">\n\n\t\t\t\n\t\t\t\t\t<\/div>\n\t\t\t\t\t\t\t\t<\/div>\n\t\t\t\t\t\t\t\t\t<\/div>\n\t\t\t\t\t\t\t\t\t\t\t\t\t\t\t<div class=\"elementor-swiper-button elementor-swiper-button-prev\" role=\"button\" tabindex=\"0\" aria-label=\"Pr\u00e9c\u00e9dent\">\n\t\t\t\t\t\t\t<svg aria-hidden=\"true\" class=\"e-font-icon-svg e-eicon-chevron-left\" viewBox=\"0 0 1000 1000\" xmlns=\"http:\/\/www.w3.org\/2000\/svg\"><path d=\"M646 125C629 125 613 133 604 142L308 442C296 454 292 471 292 487 292 504 296 521 308 533L604 854C617 867 629 875 646 875 663 875 679 871 692 858 704 846 713 829 713 812 713 796 708 779 692 767L438 487 692 225C700 217 708 204 708 187 708 171 704 154 692 142 675 129 663 125 646 125Z\"><\/path><\/svg>\t\t\t\t\t\t<\/div>\n\t\t\t\t\t\t<div class=\"elementor-swiper-button elementor-swiper-button-next\" role=\"button\" tabindex=\"0\" aria-label=\"Suivant\">\n\t\t\t\t\t\t\t<svg aria-hidden=\"true\" class=\"e-font-icon-svg e-eicon-chevron-right\" viewBox=\"0 0 1000 1000\" xmlns=\"http:\/\/www.w3.org\/2000\/svg\"><path d=\"M696 533C708 521 713 504 713 487 713 471 708 454 696 446L400 146C388 133 375 125 354 125 338 125 325 129 313 142 300 154 292 171 292 187 292 204 296 221 308 233L563 492 304 771C292 783 288 800 288 817 288 833 296 850 308 863 321 871 338 875 354 875 371 875 388 867 400 854L696 533Z\"><\/path><\/svg>\t\t\t\t\t\t<\/div>\n\t\t\t\t\t\t\t\t\t\t\t\t\t\t\t\t<div class=\"swiper-pagination\"><\/div>\n\t\t\t\t\t\t\t\t\t\t\t\t<\/div>\n\t\t\t\t<\/div>\n\t\t\t\t\t\t\t\t<\/div>\n\t\t\t\t<\/div>\n\t\t\t\t\t<\/div>\n\t\t\t\t<\/div>\n\t\t<div class=\"elementor-element elementor-element-4326493 e-flex e-con-boxed e-con e-parent\" data-id=\"4326493\" data-element_type=\"container\">\n\t\t\t\t\t<div class=\"e-con-inner\">\n\t\t\t\t<div class=\"elementor-element elementor-element-8aada16 elementor-widget elementor-widget-spacer\" data-id=\"8aada16\" data-element_type=\"widget\" data-widget_type=\"spacer.default\">\n\t\t\t\t<div class=\"elementor-widget-container\">\n\t\t\t\t\t\t\t<div class=\"elementor-spacer\">\n\t\t\t<div class=\"elementor-spacer-inner\"><\/div>\n\t\t<\/div>\n\t\t\t\t\t\t<\/div>\n\t\t\t\t<\/div>\n\t\t\t\t<div class=\"elementor-element elementor-element-c3d8066 elementor-widget-divider--view-line elementor-widget elementor-widget-divider\" data-id=\"c3d8066\" data-element_type=\"widget\" data-widget_type=\"divider.default\">\n\t\t\t\t<div class=\"elementor-widget-container\">\n\t\t\t\t\t\t\t<div class=\"elementor-divider\">\n\t\t\t<span class=\"elementor-divider-separator\">\n\t\t\t\t\t\t<\/span>\n\t\t<\/div>\n\t\t\t\t\t\t<\/div>\n\t\t\t\t<\/div>\n\t\t\t\t\t<\/div>\n\t\t\t\t<\/div>\n\t\t\t\t<\/div>\n\t\t","protected":false},"excerpt":{"rendered":"<p>Le tournage et le fraisage sont les piliers de notre expertise ! En tournage :\u00a0nous poss\u00e9dons des machines de tournage vertical et horizontal pour les pi\u00e8ces de petites et grandes tailles . Nous avons une \u00e9quipe de 7 personnes exp\u00e9riment\u00e9es. Tournage vertical : diam\u00e8tre entre\u00a0 \u23001600 et \u23002000, pour une hauteur maximale de 1650. Tournage [&hellip;]<\/p>\n","protected":false},"author":2,"featured_media":0,"parent":0,"menu_order":2,"comment_status":"closed","ping_status":"closed","template":"elementor_header_footer","meta":{"footnotes":""},"class_list":["post-726","page","type-page","status-publish","hentry"],"yoast_head":"<!-- This site is optimized with the Yoast SEO plugin v25.9 - https:\/\/yoast.com\/wordpress\/plugins\/seo\/ -->\n<title>Usinage - Criballet<\/title>\n<meta name=\"description\" content=\"Nous usinons des pi\u00e8ces de petites \u00e0 grandes tailles en tournage et en fraisage. Pour cela, nous utilisons des machines de haute pr\u00e9cision.\" \/>\n<meta name=\"robots\" content=\"index, follow, max-snippet:-1, max-image-preview:large, max-video-preview:-1\" \/>\n<link rel=\"canonical\" href=\"https:\/\/www.criballet.com\/index.php\/usinage\/\" \/>\n<meta property=\"og:locale\" content=\"fr_FR\" \/>\n<meta property=\"og:type\" content=\"article\" \/>\n<meta property=\"og:title\" content=\"Usinage - Criballet\" \/>\n<meta property=\"og:description\" content=\"Nous usinons des pi\u00e8ces de petites \u00e0 grandes tailles en tournage et en fraisage. Pour cela, nous utilisons des machines de haute pr\u00e9cision.\" \/>\n<meta property=\"og:url\" content=\"https:\/\/www.criballet.com\/index.php\/usinage\/\" \/>\n<meta property=\"og:site_name\" content=\"Criballet\" \/>\n<meta property=\"article:modified_time\" content=\"2025-03-03T09:20:28+00:00\" \/>\n<meta name=\"twitter:card\" content=\"summary_large_image\" \/>\n<meta name=\"twitter:label1\" content=\"Dur\u00e9e de lecture estim\u00e9e\" \/>\n\t<meta name=\"twitter:data1\" content=\"1 minute\" \/>\n<script type=\"application\/ld+json\" class=\"yoast-schema-graph\">{\"@context\":\"https:\/\/schema.org\",\"@graph\":[{\"@type\":\"WebPage\",\"@id\":\"https:\/\/www.criballet.com\/index.php\/usinage\/\",\"url\":\"https:\/\/www.criballet.com\/index.php\/usinage\/\",\"name\":\"Usinage - Criballet\",\"isPartOf\":{\"@id\":\"https:\/\/www.criballet.com\/#website\"},\"datePublished\":\"2024-03-01T14:40:46+00:00\",\"dateModified\":\"2025-03-03T09:20:28+00:00\",\"description\":\"Nous usinons des pi\u00e8ces de petites \u00e0 grandes tailles en tournage et en fraisage. Pour cela, nous utilisons des machines de haute pr\u00e9cision.\",\"breadcrumb\":{\"@id\":\"https:\/\/www.criballet.com\/index.php\/usinage\/#breadcrumb\"},\"inLanguage\":\"fr-FR\",\"potentialAction\":[{\"@type\":\"ReadAction\",\"target\":[\"https:\/\/www.criballet.com\/index.php\/usinage\/\"]}]},{\"@type\":\"BreadcrumbList\",\"@id\":\"https:\/\/www.criballet.com\/index.php\/usinage\/#breadcrumb\",\"itemListElement\":[{\"@type\":\"ListItem\",\"position\":1,\"name\":\"Accueil\",\"item\":\"https:\/\/www.criballet.com\/\"},{\"@type\":\"ListItem\",\"position\":2,\"name\":\"Usinage\"}]},{\"@type\":\"WebSite\",\"@id\":\"https:\/\/www.criballet.com\/#website\",\"url\":\"https:\/\/www.criballet.com\/\",\"name\":\"Criballet\",\"description\":\"\",\"publisher\":{\"@id\":\"https:\/\/www.criballet.com\/#organization\"},\"potentialAction\":[{\"@type\":\"SearchAction\",\"target\":{\"@type\":\"EntryPoint\",\"urlTemplate\":\"https:\/\/www.criballet.com\/?s={search_term_string}\"},\"query-input\":{\"@type\":\"PropertyValueSpecification\",\"valueRequired\":true,\"valueName\":\"search_term_string\"}}],\"inLanguage\":\"fr-FR\"},{\"@type\":\"Organization\",\"@id\":\"https:\/\/www.criballet.com\/#organization\",\"name\":\"Criballet\",\"url\":\"https:\/\/www.criballet.com\/\",\"logo\":{\"@type\":\"ImageObject\",\"inLanguage\":\"fr-FR\",\"@id\":\"https:\/\/www.criballet.com\/#\/schema\/logo\/image\/\",\"url\":\"https:\/\/www.criballet.com\/wp-content\/uploads\/2024\/03\/Logo-Criballet-jpg.jpg\",\"contentUrl\":\"https:\/\/www.criballet.com\/wp-content\/uploads\/2024\/03\/Logo-Criballet-jpg.jpg\",\"width\":2205,\"height\":855,\"caption\":\"Criballet\"},\"image\":{\"@id\":\"https:\/\/www.criballet.com\/#\/schema\/logo\/image\/\"},\"sameAs\":[\"https:\/\/www.linkedin.com\/company\/criballet\/\"]}]}<\/script>\n<!-- \/ Yoast SEO plugin. -->","yoast_head_json":{"title":"Usinage - Criballet","description":"Nous usinons des pi\u00e8ces de petites \u00e0 grandes tailles en tournage et en fraisage. Pour cela, nous utilisons des machines de haute pr\u00e9cision.","robots":{"index":"index","follow":"follow","max-snippet":"max-snippet:-1","max-image-preview":"max-image-preview:large","max-video-preview":"max-video-preview:-1"},"canonical":"https:\/\/www.criballet.com\/index.php\/usinage\/","og_locale":"fr_FR","og_type":"article","og_title":"Usinage - Criballet","og_description":"Nous usinons des pi\u00e8ces de petites \u00e0 grandes tailles en tournage et en fraisage. Pour cela, nous utilisons des machines de haute pr\u00e9cision.","og_url":"https:\/\/www.criballet.com\/index.php\/usinage\/","og_site_name":"Criballet","article_modified_time":"2025-03-03T09:20:28+00:00","twitter_card":"summary_large_image","twitter_misc":{"Dur\u00e9e de lecture estim\u00e9e":"1 minute"},"schema":{"@context":"https:\/\/schema.org","@graph":[{"@type":"WebPage","@id":"https:\/\/www.criballet.com\/index.php\/usinage\/","url":"https:\/\/www.criballet.com\/index.php\/usinage\/","name":"Usinage - Criballet","isPartOf":{"@id":"https:\/\/www.criballet.com\/#website"},"datePublished":"2024-03-01T14:40:46+00:00","dateModified":"2025-03-03T09:20:28+00:00","description":"Nous usinons des pi\u00e8ces de petites \u00e0 grandes tailles en tournage et en fraisage. Pour cela, nous utilisons des machines de haute pr\u00e9cision.","breadcrumb":{"@id":"https:\/\/www.criballet.com\/index.php\/usinage\/#breadcrumb"},"inLanguage":"fr-FR","potentialAction":[{"@type":"ReadAction","target":["https:\/\/www.criballet.com\/index.php\/usinage\/"]}]},{"@type":"BreadcrumbList","@id":"https:\/\/www.criballet.com\/index.php\/usinage\/#breadcrumb","itemListElement":[{"@type":"ListItem","position":1,"name":"Accueil","item":"https:\/\/www.criballet.com\/"},{"@type":"ListItem","position":2,"name":"Usinage"}]},{"@type":"WebSite","@id":"https:\/\/www.criballet.com\/#website","url":"https:\/\/www.criballet.com\/","name":"Criballet","description":"","publisher":{"@id":"https:\/\/www.criballet.com\/#organization"},"potentialAction":[{"@type":"SearchAction","target":{"@type":"EntryPoint","urlTemplate":"https:\/\/www.criballet.com\/?s={search_term_string}"},"query-input":{"@type":"PropertyValueSpecification","valueRequired":true,"valueName":"search_term_string"}}],"inLanguage":"fr-FR"},{"@type":"Organization","@id":"https:\/\/www.criballet.com\/#organization","name":"Criballet","url":"https:\/\/www.criballet.com\/","logo":{"@type":"ImageObject","inLanguage":"fr-FR","@id":"https:\/\/www.criballet.com\/#\/schema\/logo\/image\/","url":"https:\/\/www.criballet.com\/wp-content\/uploads\/2024\/03\/Logo-Criballet-jpg.jpg","contentUrl":"https:\/\/www.criballet.com\/wp-content\/uploads\/2024\/03\/Logo-Criballet-jpg.jpg","width":2205,"height":855,"caption":"Criballet"},"image":{"@id":"https:\/\/www.criballet.com\/#\/schema\/logo\/image\/"},"sameAs":["https:\/\/www.linkedin.com\/company\/criballet\/"]}]}},"_links":{"self":[{"href":"https:\/\/www.criballet.com\/index.php\/wp-json\/wp\/v2\/pages\/726","targetHints":{"allow":["GET"]}}],"collection":[{"href":"https:\/\/www.criballet.com\/index.php\/wp-json\/wp\/v2\/pages"}],"about":[{"href":"https:\/\/www.criballet.com\/index.php\/wp-json\/wp\/v2\/types\/page"}],"author":[{"embeddable":true,"href":"https:\/\/www.criballet.com\/index.php\/wp-json\/wp\/v2\/users\/2"}],"replies":[{"embeddable":true,"href":"https:\/\/www.criballet.com\/index.php\/wp-json\/wp\/v2\/comments?post=726"}],"version-history":[{"count":198,"href":"https:\/\/www.criballet.com\/index.php\/wp-json\/wp\/v2\/pages\/726\/revisions"}],"predecessor-version":[{"id":3493,"href":"https:\/\/www.criballet.com\/index.php\/wp-json\/wp\/v2\/pages\/726\/revisions\/3493"}],"wp:attachment":[{"href":"https:\/\/www.criballet.com\/index.php\/wp-json\/wp\/v2\/media?parent=726"}],"curies":[{"name":"wp","href":"https:\/\/api.w.org\/{rel}","templated":true}]}}