{"id":2529,"date":"2024-07-01T15:40:47","date_gmt":"2024-07-01T13:40:47","guid":{"rendered":"http:\/\/141.94.251.246\/?page_id=2529"},"modified":"2024-10-02T16:42:30","modified_gmt":"2024-10-02T14:42:30","slug":"aftermarket","status":"publish","type":"page","link":"https:\/\/www.criballet.com\/index.php\/aftermarket\/","title":{"rendered":"Aftermarket"},"content":{"rendered":"\t\t<div data-elementor-type=\"wp-page\" data-elementor-id=\"2529\" class=\"elementor elementor-2529\" data-elementor-post-type=\"page\">\n\t\t\t\t<div class=\"elementor-element elementor-element-1848e03 e-flex e-con-boxed e-con e-parent\" data-id=\"1848e03\" data-element_type=\"container\">\n\t\t\t\t\t<div class=\"e-con-inner\">\n\t\t\t\t<div class=\"elementor-element elementor-element-61064b3 elementor-widget elementor-widget-spacer\" data-id=\"61064b3\" data-element_type=\"widget\" data-widget_type=\"spacer.default\">\n\t\t\t\t<div class=\"elementor-widget-container\">\n\t\t\t\t\t\t\t<div class=\"elementor-spacer\">\n\t\t\t<div class=\"elementor-spacer-inner\"><\/div>\n\t\t<\/div>\n\t\t\t\t\t\t<\/div>\n\t\t\t\t<\/div>\n\t\t\t\t\t<\/div>\n\t\t\t\t<\/div>\n\t\t<div class=\"elementor-element elementor-element-7b47126 e-flex e-con-boxed e-con e-parent\" data-id=\"7b47126\" data-element_type=\"container\">\n\t\t\t\t\t<div class=\"e-con-inner\">\n\t\t<div class=\"elementor-element elementor-element-5450740 e-con-full e-flex e-con e-child\" data-id=\"5450740\" data-element_type=\"container\">\n\t\t\t\t<div class=\"elementor-element elementor-element-b53f171 elementor-widget__width-initial elementor-widget elementor-widget-image\" data-id=\"b53f171\" data-element_type=\"widget\" data-widget_type=\"image.default\">\n\t\t\t\t<div class=\"elementor-widget-container\">\n\t\t\t\t\t\t\t\t\t\t\t\t\t\t\t<img fetchpriority=\"high\" decoding=\"async\" width=\"800\" height=\"450\" src=\"https:\/\/www.criballet.com\/wp-content\/uploads\/2024\/07\/C5896.00_12_45_09.Still014-copie-1024x576.jpg\" class=\"attachment-large size-large wp-image-2647\" alt=\"Op\u00e9rateur pla\u00e7ant un pi\u00e8ce m\u00e9tallique sur une machine\" srcset=\"https:\/\/www.criballet.com\/wp-content\/uploads\/2024\/07\/C5896.00_12_45_09.Still014-copie-1024x576.jpg 1024w, https:\/\/www.criballet.com\/wp-content\/uploads\/2024\/07\/C5896.00_12_45_09.Still014-copie-300x169.jpg 300w, https:\/\/www.criballet.com\/wp-content\/uploads\/2024\/07\/C5896.00_12_45_09.Still014-copie-768x432.jpg 768w, https:\/\/www.criballet.com\/wp-content\/uploads\/2024\/07\/C5896.00_12_45_09.Still014-copie-1536x864.jpg 1536w, https:\/\/www.criballet.com\/wp-content\/uploads\/2024\/07\/C5896.00_12_45_09.Still014-copie-2048x1152.jpg 2048w\" sizes=\"(max-width: 800px) 100vw, 800px\" \/>\t\t\t\t\t\t\t\t\t\t\t\t\t\t\t<\/div>\n\t\t\t\t<\/div>\n\t\t\t\t<\/div>\n\t\t\t\t<div class=\"elementor-element elementor-element-8b22fdf elementor-widget__width-initial elementor-widget-tablet__width-initial elementor-widget elementor-widget-spacer\" data-id=\"8b22fdf\" data-element_type=\"widget\" data-widget_type=\"spacer.default\">\n\t\t\t\t<div class=\"elementor-widget-container\">\n\t\t\t\t\t\t\t<div class=\"elementor-spacer\">\n\t\t\t<div class=\"elementor-spacer-inner\"><\/div>\n\t\t<\/div>\n\t\t\t\t\t\t<\/div>\n\t\t\t\t<\/div>\n\t\t<div class=\"elementor-element elementor-element-02ea4e5 e-con-full e-flex e-con e-child\" data-id=\"02ea4e5\" data-element_type=\"container\">\n\t\t\t\t<div class=\"elementor-element elementor-element-897cfdb elementor-widget elementor-widget-heading\" data-id=\"897cfdb\" data-element_type=\"widget\" data-widget_type=\"heading.default\">\n\t\t\t\t<div class=\"elementor-widget-container\">\n\t\t\t\t\t<h2 class=\"elementor-heading-title elementor-size-default\">Un petit geste pour l'environnement <\/h2>\t\t\t\t<\/div>\n\t\t\t\t<\/div>\n\t\t\t\t<div class=\"elementor-element elementor-element-af6f096 elementor-widget-divider--view-line elementor-invisible elementor-widget elementor-widget-divider\" data-id=\"af6f096\" data-element_type=\"widget\" data-settings=\"{&quot;_animation&quot;:&quot;zoomIn&quot;}\" data-widget_type=\"divider.default\">\n\t\t\t\t<div class=\"elementor-widget-container\">\n\t\t\t\t\t\t\t<div class=\"elementor-divider\">\n\t\t\t<span class=\"elementor-divider-separator\">\n\t\t\t\t\t\t<\/span>\n\t\t<\/div>\n\t\t\t\t\t\t<\/div>\n\t\t\t\t<\/div>\n\t\t\t\t<div class=\"elementor-element elementor-element-564db48 elementor-widget elementor-widget-text-editor\" data-id=\"564db48\" data-element_type=\"widget\" data-widget_type=\"text-editor.default\">\n\t\t\t\t<div class=\"elementor-widget-container\">\n\t\t\t\t\t\t\t\t\t<p>Dans une d\u00e9marche vertueuse du respect de l&rsquo;environnement et de vos \u00e9conomies, nous vous prenons au jeu de la seconde main, en reprenant vos anciennes pi\u00e8ces dont vous n&rsquo;avez plus l&rsquo;usage pour les r\u00e9parer ou les transformer.<\/p><p><strong>R\u00e9cup\u00e9ration des anciennes pi\u00e8ces <\/strong>: il est possible de reprendre vos anciennes pi\u00e8ces m\u00e9talliques, dans la mesure du possible, afin de les r\u00e9nover et leur donner une seconde vie en les transformant.<\/p><p><strong>Avantages environnementaux <\/strong>: le recyclage des pi\u00e8ces permet de r\u00e9duire la production de nouveaux mat\u00e9riaux.<\/p>\t\t\t\t\t\t\t\t<\/div>\n\t\t\t\t<\/div>\n\t\t\t\t<\/div>\n\t\t\t\t\t<\/div>\n\t\t\t\t<\/div>\n\t\t<div class=\"elementor-element elementor-element-dc7bd4b e-flex e-con-boxed e-con e-parent\" data-id=\"dc7bd4b\" data-element_type=\"container\">\n\t\t\t\t\t<div class=\"e-con-inner\">\n\t\t\t\t<div class=\"elementor-element elementor-element-552bd66 elementor-widget elementor-widget-spacer\" data-id=\"552bd66\" data-element_type=\"widget\" data-widget_type=\"spacer.default\">\n\t\t\t\t<div class=\"elementor-widget-container\">\n\t\t\t\t\t\t\t<div class=\"elementor-spacer\">\n\t\t\t<div class=\"elementor-spacer-inner\"><\/div>\n\t\t<\/div>\n\t\t\t\t\t\t<\/div>\n\t\t\t\t<\/div>\n\t\t\t\t\t<\/div>\n\t\t\t\t<\/div>\n\t\t<div class=\"elementor-element elementor-element-d63d710 e-flex e-con-boxed e-con e-parent\" data-id=\"d63d710\" data-element_type=\"container\">\n\t\t\t\t\t<div class=\"e-con-inner\">\n\t\t\t\t<div class=\"elementor-element elementor-element-b653f93 elementor-widget-divider--view-line elementor-widget elementor-widget-divider\" data-id=\"b653f93\" data-element_type=\"widget\" data-widget_type=\"divider.default\">\n\t\t\t\t<div class=\"elementor-widget-container\">\n\t\t\t\t\t\t\t<div class=\"elementor-divider\">\n\t\t\t<span class=\"elementor-divider-separator\">\n\t\t\t\t\t\t<\/span>\n\t\t<\/div>\n\t\t\t\t\t\t<\/div>\n\t\t\t\t<\/div>\n\t\t\t\t\t<\/div>\n\t\t\t\t<\/div>\n\t\t\t\t<\/div>\n\t\t","protected":false},"excerpt":{"rendered":"<p>Un petit geste pour l&rsquo;environnement Dans une d\u00e9marche vertueuse du respect de l&rsquo;environnement et de vos \u00e9conomies, nous vous prenons au jeu de la seconde main, en reprenant vos anciennes pi\u00e8ces dont vous n&rsquo;avez plus l&rsquo;usage pour les r\u00e9parer ou les transformer. R\u00e9cup\u00e9ration des anciennes pi\u00e8ces : il est possible de reprendre vos anciennes pi\u00e8ces [&hellip;]<\/p>\n","protected":false},"author":2,"featured_media":0,"parent":0,"menu_order":0,"comment_status":"closed","ping_status":"closed","template":"elementor_header_footer","meta":{"footnotes":""},"class_list":["post-2529","page","type-page","status-publish","hentry"],"yoast_head":"<!-- This site is optimized with the Yoast SEO plugin v25.9 - https:\/\/yoast.com\/wordpress\/plugins\/seo\/ -->\n<title>Aftermarket - Criballet<\/title>\n<meta name=\"description\" content=\"Dans une d\u00e9marche environnementale, nous reprenons vos pi\u00e8ces dont vous n&#039;avez plus l&#039;utilit\u00e9 afin de les r\u00e9parer.\" \/>\n<meta name=\"robots\" content=\"index, follow, max-snippet:-1, max-image-preview:large, max-video-preview:-1\" \/>\n<link rel=\"canonical\" href=\"https:\/\/www.criballet.com\/index.php\/aftermarket\/\" \/>\n<meta property=\"og:locale\" content=\"fr_FR\" \/>\n<meta property=\"og:type\" content=\"article\" \/>\n<meta property=\"og:title\" content=\"Aftermarket - Criballet\" \/>\n<meta property=\"og:description\" content=\"Dans une d\u00e9marche environnementale, nous reprenons vos pi\u00e8ces dont vous n&#039;avez plus l&#039;utilit\u00e9 afin de les r\u00e9parer.\" \/>\n<meta property=\"og:url\" content=\"https:\/\/www.criballet.com\/index.php\/aftermarket\/\" \/>\n<meta property=\"og:site_name\" content=\"Criballet\" \/>\n<meta property=\"article:modified_time\" content=\"2024-10-02T14:42:30+00:00\" \/>\n<meta property=\"og:image\" content=\"https:\/\/www.criballet.com\/wp-content\/uploads\/2024\/07\/C5896.00_12_45_09.Still014-copie-1024x576.jpg\" \/>\n<meta name=\"twitter:card\" content=\"summary_large_image\" \/>\n<meta name=\"twitter:label1\" content=\"Dur\u00e9e de lecture estim\u00e9e\" \/>\n\t<meta name=\"twitter:data1\" content=\"1 minute\" \/>\n<script type=\"application\/ld+json\" class=\"yoast-schema-graph\">{\"@context\":\"https:\/\/schema.org\",\"@graph\":[{\"@type\":\"WebPage\",\"@id\":\"https:\/\/www.criballet.com\/index.php\/aftermarket\/\",\"url\":\"https:\/\/www.criballet.com\/index.php\/aftermarket\/\",\"name\":\"Aftermarket - Criballet\",\"isPartOf\":{\"@id\":\"https:\/\/www.criballet.com\/#website\"},\"primaryImageOfPage\":{\"@id\":\"https:\/\/www.criballet.com\/index.php\/aftermarket\/#primaryimage\"},\"image\":{\"@id\":\"https:\/\/www.criballet.com\/index.php\/aftermarket\/#primaryimage\"},\"thumbnailUrl\":\"https:\/\/www.criballet.com\/wp-content\/uploads\/2024\/07\/C5896.00_12_45_09.Still014-copie-1024x576.jpg\",\"datePublished\":\"2024-07-01T13:40:47+00:00\",\"dateModified\":\"2024-10-02T14:42:30+00:00\",\"description\":\"Dans une d\u00e9marche environnementale, nous reprenons vos pi\u00e8ces dont vous n'avez plus l'utilit\u00e9 afin de les r\u00e9parer.\",\"breadcrumb\":{\"@id\":\"https:\/\/www.criballet.com\/index.php\/aftermarket\/#breadcrumb\"},\"inLanguage\":\"fr-FR\",\"potentialAction\":[{\"@type\":\"ReadAction\",\"target\":[\"https:\/\/www.criballet.com\/index.php\/aftermarket\/\"]}]},{\"@type\":\"ImageObject\",\"inLanguage\":\"fr-FR\",\"@id\":\"https:\/\/www.criballet.com\/index.php\/aftermarket\/#primaryimage\",\"url\":\"https:\/\/www.criballet.com\/wp-content\/uploads\/2024\/07\/C5896.00_12_45_09.Still014-copie-scaled.jpg\",\"contentUrl\":\"https:\/\/www.criballet.com\/wp-content\/uploads\/2024\/07\/C5896.00_12_45_09.Still014-copie-scaled.jpg\",\"width\":2560,\"height\":1440,\"caption\":\"Op\u00e9rateur pla\u00e7ant un pi\u00e8ce m\u00e9tallique sur une machine\"},{\"@type\":\"BreadcrumbList\",\"@id\":\"https:\/\/www.criballet.com\/index.php\/aftermarket\/#breadcrumb\",\"itemListElement\":[{\"@type\":\"ListItem\",\"position\":1,\"name\":\"Accueil\",\"item\":\"https:\/\/www.criballet.com\/\"},{\"@type\":\"ListItem\",\"position\":2,\"name\":\"Aftermarket\"}]},{\"@type\":\"WebSite\",\"@id\":\"https:\/\/www.criballet.com\/#website\",\"url\":\"https:\/\/www.criballet.com\/\",\"name\":\"Criballet\",\"description\":\"\",\"publisher\":{\"@id\":\"https:\/\/www.criballet.com\/#organization\"},\"potentialAction\":[{\"@type\":\"SearchAction\",\"target\":{\"@type\":\"EntryPoint\",\"urlTemplate\":\"https:\/\/www.criballet.com\/?s={search_term_string}\"},\"query-input\":{\"@type\":\"PropertyValueSpecification\",\"valueRequired\":true,\"valueName\":\"search_term_string\"}}],\"inLanguage\":\"fr-FR\"},{\"@type\":\"Organization\",\"@id\":\"https:\/\/www.criballet.com\/#organization\",\"name\":\"Criballet\",\"url\":\"https:\/\/www.criballet.com\/\",\"logo\":{\"@type\":\"ImageObject\",\"inLanguage\":\"fr-FR\",\"@id\":\"https:\/\/www.criballet.com\/#\/schema\/logo\/image\/\",\"url\":\"https:\/\/www.criballet.com\/wp-content\/uploads\/2024\/03\/Logo-Criballet-jpg.jpg\",\"contentUrl\":\"https:\/\/www.criballet.com\/wp-content\/uploads\/2024\/03\/Logo-Criballet-jpg.jpg\",\"width\":2205,\"height\":855,\"caption\":\"Criballet\"},\"image\":{\"@id\":\"https:\/\/www.criballet.com\/#\/schema\/logo\/image\/\"},\"sameAs\":[\"https:\/\/www.linkedin.com\/company\/criballet\/\"]}]}<\/script>\n<!-- \/ Yoast SEO plugin. -->","yoast_head_json":{"title":"Aftermarket - Criballet","description":"Dans une d\u00e9marche environnementale, nous reprenons vos pi\u00e8ces dont vous n'avez plus l'utilit\u00e9 afin de les r\u00e9parer.","robots":{"index":"index","follow":"follow","max-snippet":"max-snippet:-1","max-image-preview":"max-image-preview:large","max-video-preview":"max-video-preview:-1"},"canonical":"https:\/\/www.criballet.com\/index.php\/aftermarket\/","og_locale":"fr_FR","og_type":"article","og_title":"Aftermarket - Criballet","og_description":"Dans une d\u00e9marche environnementale, nous reprenons vos pi\u00e8ces dont vous n'avez plus l'utilit\u00e9 afin de les r\u00e9parer.","og_url":"https:\/\/www.criballet.com\/index.php\/aftermarket\/","og_site_name":"Criballet","article_modified_time":"2024-10-02T14:42:30+00:00","og_image":[{"url":"https:\/\/www.criballet.com\/wp-content\/uploads\/2024\/07\/C5896.00_12_45_09.Still014-copie-1024x576.jpg","type":"","width":"","height":""}],"twitter_card":"summary_large_image","twitter_misc":{"Dur\u00e9e de lecture estim\u00e9e":"1 minute"},"schema":{"@context":"https:\/\/schema.org","@graph":[{"@type":"WebPage","@id":"https:\/\/www.criballet.com\/index.php\/aftermarket\/","url":"https:\/\/www.criballet.com\/index.php\/aftermarket\/","name":"Aftermarket - Criballet","isPartOf":{"@id":"https:\/\/www.criballet.com\/#website"},"primaryImageOfPage":{"@id":"https:\/\/www.criballet.com\/index.php\/aftermarket\/#primaryimage"},"image":{"@id":"https:\/\/www.criballet.com\/index.php\/aftermarket\/#primaryimage"},"thumbnailUrl":"https:\/\/www.criballet.com\/wp-content\/uploads\/2024\/07\/C5896.00_12_45_09.Still014-copie-1024x576.jpg","datePublished":"2024-07-01T13:40:47+00:00","dateModified":"2024-10-02T14:42:30+00:00","description":"Dans une d\u00e9marche environnementale, nous reprenons vos pi\u00e8ces dont vous n'avez plus l'utilit\u00e9 afin de les r\u00e9parer.","breadcrumb":{"@id":"https:\/\/www.criballet.com\/index.php\/aftermarket\/#breadcrumb"},"inLanguage":"fr-FR","potentialAction":[{"@type":"ReadAction","target":["https:\/\/www.criballet.com\/index.php\/aftermarket\/"]}]},{"@type":"ImageObject","inLanguage":"fr-FR","@id":"https:\/\/www.criballet.com\/index.php\/aftermarket\/#primaryimage","url":"https:\/\/www.criballet.com\/wp-content\/uploads\/2024\/07\/C5896.00_12_45_09.Still014-copie-scaled.jpg","contentUrl":"https:\/\/www.criballet.com\/wp-content\/uploads\/2024\/07\/C5896.00_12_45_09.Still014-copie-scaled.jpg","width":2560,"height":1440,"caption":"Op\u00e9rateur pla\u00e7ant un pi\u00e8ce m\u00e9tallique sur une machine"},{"@type":"BreadcrumbList","@id":"https:\/\/www.criballet.com\/index.php\/aftermarket\/#breadcrumb","itemListElement":[{"@type":"ListItem","position":1,"name":"Accueil","item":"https:\/\/www.criballet.com\/"},{"@type":"ListItem","position":2,"name":"Aftermarket"}]},{"@type":"WebSite","@id":"https:\/\/www.criballet.com\/#website","url":"https:\/\/www.criballet.com\/","name":"Criballet","description":"","publisher":{"@id":"https:\/\/www.criballet.com\/#organization"},"potentialAction":[{"@type":"SearchAction","target":{"@type":"EntryPoint","urlTemplate":"https:\/\/www.criballet.com\/?s={search_term_string}"},"query-input":{"@type":"PropertyValueSpecification","valueRequired":true,"valueName":"search_term_string"}}],"inLanguage":"fr-FR"},{"@type":"Organization","@id":"https:\/\/www.criballet.com\/#organization","name":"Criballet","url":"https:\/\/www.criballet.com\/","logo":{"@type":"ImageObject","inLanguage":"fr-FR","@id":"https:\/\/www.criballet.com\/#\/schema\/logo\/image\/","url":"https:\/\/www.criballet.com\/wp-content\/uploads\/2024\/03\/Logo-Criballet-jpg.jpg","contentUrl":"https:\/\/www.criballet.com\/wp-content\/uploads\/2024\/03\/Logo-Criballet-jpg.jpg","width":2205,"height":855,"caption":"Criballet"},"image":{"@id":"https:\/\/www.criballet.com\/#\/schema\/logo\/image\/"},"sameAs":["https:\/\/www.linkedin.com\/company\/criballet\/"]}]}},"_links":{"self":[{"href":"https:\/\/www.criballet.com\/index.php\/wp-json\/wp\/v2\/pages\/2529","targetHints":{"allow":["GET"]}}],"collection":[{"href":"https:\/\/www.criballet.com\/index.php\/wp-json\/wp\/v2\/pages"}],"about":[{"href":"https:\/\/www.criballet.com\/index.php\/wp-json\/wp\/v2\/types\/page"}],"author":[{"embeddable":true,"href":"https:\/\/www.criballet.com\/index.php\/wp-json\/wp\/v2\/users\/2"}],"replies":[{"embeddable":true,"href":"https:\/\/www.criballet.com\/index.php\/wp-json\/wp\/v2\/comments?post=2529"}],"version-history":[{"count":65,"href":"https:\/\/www.criballet.com\/index.php\/wp-json\/wp\/v2\/pages\/2529\/revisions"}],"predecessor-version":[{"id":3354,"href":"https:\/\/www.criballet.com\/index.php\/wp-json\/wp\/v2\/pages\/2529\/revisions\/3354"}],"wp:attachment":[{"href":"https:\/\/www.criballet.com\/index.php\/wp-json\/wp\/v2\/media?parent=2529"}],"curies":[{"name":"wp","href":"https:\/\/api.w.org\/{rel}","templated":true}]}}